{"id":6713,"date":"2019-03-13T11:05:45","date_gmt":"2019-03-13T09:05:45","guid":{"rendered":"http:\/\/globeltag.de\/?page_id=6713"},"modified":"2019-03-13T11:08:29","modified_gmt":"2019-03-13T09:08:29","slug":"tercerizacion","status":"publish","type":"page","link":"https:\/\/globeltag.de\/es\/documentacion\/tercerizacion\/","title":{"rendered":"Tercerizaci\u00f3n"},"content":{"rendered":"<div id='full_slider_1' class='avia-fullwidth-slider main_color avia-shadow   avia-builder-el-0  el_before_av_one_full  avia-builder-el-first  container_wrap fullsize' style=' '  ><div  data-size='no scaling'  data-lightbox_size='large'  data-animation='fade'  data-conditional_play=''  data-ids='4097'  data-video_counter='0'  data-autoplay='true'  data-bg_slider='false'  data-slide_height=''  data-handle='av_slideshow_full'  data-interval='4'  data-class=' '  data-css_id=''  data-scroll_down=''  data-control_layout='av-control-hidden'  data-custom_markup=''  data-perma_caption=''  data-autoplay_stopper=''  data-image_attachment=''  data-min_height='0px'  data-src=''  data-position='top left'  data-repeat='no-repeat'  data-attach='scroll'  data-stretch=''  class='avia-slideshow avia-slideshow-1  av-control-hidden av-default-height-applied avia-slideshow-no scaling av_slideshow_full   avia-fade-slider '  itemprop=\"image\" itemscope=\"itemscope\" itemtype=\"https:\/\/schema.org\/ImageObject\" ><ul class='avia-slideshow-inner ' style='padding-bottom: 21.68815943728%;' ><li  class=' av-single-slide slide-1 ' ><div data-rel='slideshow-1' class='avia-slide-wrap '   ><img src='https:\/\/globeltag.de\/wp-content\/uploads\/2017\/06\/office-1834294.jpg' width='2559' height='555' title='' alt=''  itemprop=\"thumbnailUrl\"   \/><\/div><\/li><\/ul><\/div><\/div><div id='after_full_slider_1' class='main_color av_default_container_wrap container_wrap fullsize' style=' '  ><div class='container' ><div class='template-page content  av-content-full alpha units'><div class='post-entry post-entry-type-page post-entry-6713'><div class='entry-content-wrapper clearfix'>\n<div class=\"flex_column av_one_full  av-animated-generic bottom-to-top  flex_column_div av-zero-column-padding first  avia-builder-el-1  el_after_av_slideshow_full  el_before_av_hr  avia-builder-el-first  \" style='margin-top:0px; margin-bottom:0px; border-radius:0px; '><p><div style='padding-bottom:0px; font-size:28px;' class='av-special-heading av-special-heading-h3  blockquote modern-quote  avia-builder-el-2  el_before_av_hr  avia-builder-el-first  av-inherit-size '><h3 class='av-special-heading-tag '  itemprop=\"headline\"  >Documentaci\u00f3n t\u00e9cnica &#8211; Tercerizaci\u00f3n<\/h3><div class='special-heading-border'><div class='special-heading-inner-border' ><\/div><\/div><\/div><br \/>\n<div style='height:50px' class='hr hr-invisible   avia-builder-el-3  el_after_av_heading  el_before_av_slideshow '><span class='hr-inner ' ><span class='hr-inner-style'><\/span><\/span><\/div><br \/>\n<div  data-size='featured_large'  data-lightbox_size='large'  data-animation='fade'  data-conditional_play=''  data-ids='6687'  data-video_counter='0'  data-autoplay='false'  data-bg_slider='false'  data-slide_height=''  data-handle='av_slideshow'  data-interval='5'  data-class=' avia-builder-el-4  el_after_av_hr  avia-builder-el-last  '  data-css_id=''  data-scroll_down=''  data-control_layout='av-control-hidden'  data-custom_markup=''  data-perma_caption=''  data-autoplay_stopper=''  data-image_attachment=''  data-min_height='0px'  data-default-height='42'  class='avia-slideshow avia-slideshow-2  av-control-hidden av-default-height-applied avia-slideshow-featured_large av_slideshow  avia-builder-el-4  el_after_av_hr  avia-builder-el-last   avia-fade-slider '  itemprop=\"image\" itemscope=\"itemscope\" itemtype=\"https:\/\/schema.org\/ImageObject\" ><ul class='avia-slideshow-inner ' style='padding-bottom: 42%;' ><li  class=' av-single-slide slide-1 ' ><div data-rel='slideshow-2' class='avia-slide-wrap '   ><img src='https:\/\/globeltag.de\/wp-content\/uploads\/2019\/03\/Different-Business-Diagrams-51-5-1500x630.jpg' width='1500' height='630' title='Different-Business-Diagrams-51-(5)' alt=''  itemprop=\"thumbnailUrl\"   \/><\/div><\/li><\/ul><\/div><\/p><\/div>\n<div style=' margin-top:10px; margin-bottom:10px;'  class='hr hr-custom hr-left hr-icon-no   avia-builder-el-5  el_after_av_one_full  el_before_av_one_full '><span class='hr-inner   inner-border-av-border-fat' style=' width:50px; border-color:#001ece;' ><span class='hr-inner-style'><\/span><\/span><\/div>\n<div class=\"flex_column av_one_full  av-animated-generic bottom-to-top  flex_column_div av-zero-column-padding first  avia-builder-el-6  el_after_av_hr  el_before_av_hr  \" style='margin-top:0px; margin-bottom:0px; border-radius:0px; '><section class=\"av_textblock_section \"  itemscope=\"itemscope\" itemtype=\"https:\/\/schema.org\/CreativeWork\" ><div class='avia_textblock  '  style='font-size:20px; '  itemprop=\"text\" ><p>A solicitud nuestros redactores se hacen cargo de su proceso de redacci\u00f3n. A menudo resulta muy complicado cualificar a un redactor propio con menos de 20 manuales de instrucciones por a\u00f1o.<\/p>\n<p>Gracias a su amplia experiencia nuestros cualificados colegas muchas veces son tanto m\u00e1s productivos que un redactor interno que, adem\u00e1s, debe realizar otras actividades en la empresa.<\/p>\n<p>Y para evitar dependencias, el cliente puede adoptar el proceso de redacci\u00f3n y continuarlo por si mismo en cuanto lo desee.<\/p>\n<\/div><\/section><\/div>\n<div style=' margin-top:10px; margin-bottom:10px;'  class='hr hr-custom hr-left hr-icon-no   avia-builder-el-8  el_after_av_one_full  el_before_av_slideshow '><span class='hr-inner   inner-border-av-border-fat' style=' width:50px; border-color:#001ece;' ><span class='hr-inner-style'><\/span><\/span><\/div>\n<div  data-size='featured_large'  data-lightbox_size='large'  data-animation='fade'  data-conditional_play=''  data-ids='6692'  data-video_counter='0'  data-autoplay='false'  data-bg_slider='false'  data-slide_height=''  data-handle='av_slideshow'  data-interval='5'  data-class=' avia-builder-el-9  el_after_av_hr  avia-builder-el-last  '  data-css_id=''  data-scroll_down=''  data-control_layout='av-control-hidden'  data-custom_markup=''  data-perma_caption=''  data-autoplay_stopper=''  data-image_attachment=''  data-min_height='0px'  data-default-height='42'  class='avia-slideshow avia-slideshow-3  av-control-hidden av-default-height-applied avia-slideshow-featured_large av_slideshow  avia-builder-el-9  el_after_av_hr  avia-builder-el-last   avia-fade-slider '  itemprop=\"image\" itemscope=\"itemscope\" itemtype=\"https:\/\/schema.org\/ImageObject\" ><ul class='avia-slideshow-inner ' style='padding-bottom: 42%;' ><li  class=' av-single-slide slide-1 ' ><div data-rel='slideshow-3' class='avia-slide-wrap '   ><img src='https:\/\/globeltag.de\/wp-content\/uploads\/2019\/03\/architecture-1868667_1920-Neu-1500x630.jpg' width='1500' height='630' title='architecture-1868667_1920-Neu' alt=''  itemprop=\"thumbnailUrl\"   \/><\/div><\/li><\/ul><\/div>\n","protected":false},"excerpt":{"rendered":"","protected":false},"author":1,"featured_media":0,"parent":5686,"menu_order":0,"comment_status":"closed","ping_status":"closed","template":"","meta":{"footnotes":""},"class_list":["post-6713","page","type-page","status-publish","hentry"],"_links":{"self":[{"href":"https:\/\/globeltag.de\/es\/wp-json\/wp\/v2\/pages\/6713","targetHints":{"allow":["GET"]}}],"collection":[{"href":"https:\/\/globeltag.de\/es\/wp-json\/wp\/v2\/pages"}],"about":[{"href":"https:\/\/globeltag.de\/es\/wp-json\/wp\/v2\/types\/page"}],"author":[{"embeddable":true,"href":"https:\/\/globeltag.de\/es\/wp-json\/wp\/v2\/users\/1"}],"replies":[{"embeddable":true,"href":"https:\/\/globeltag.de\/es\/wp-json\/wp\/v2\/comments?post=6713"}],"version-history":[{"count":2,"href":"https:\/\/globeltag.de\/es\/wp-json\/wp\/v2\/pages\/6713\/revisions"}],"predecessor-version":[{"id":6719,"href":"https:\/\/globeltag.de\/es\/wp-json\/wp\/v2\/pages\/6713\/revisions\/6719"}],"up":[{"embeddable":true,"href":"https:\/\/globeltag.de\/es\/wp-json\/wp\/v2\/pages\/5686"}],"wp:attachment":[{"href":"https:\/\/globeltag.de\/es\/wp-json\/wp\/v2\/media?parent=6713"}],"curies":[{"name":"wp","href":"https:\/\/api.w.org\/{rel}","templated":true}]}}