{"id":6006,"date":"2017-08-27T14:43:06","date_gmt":"2017-08-27T12:43:06","guid":{"rendered":"http:\/\/globeltag.de\/terminos-y-condiciones\/"},"modified":"2017-08-27T14:57:20","modified_gmt":"2017-08-27T12:57:20","slug":"condiciones","status":"publish","type":"page","link":"https:\/\/globeltag.de\/es\/condiciones\/","title":{"rendered":"T\u00e9rminos y Condiciones"},"content":{"rendered":"<div id='full_slider_1' class='avia-fullwidth-slider main_color avia-shadow   avia-builder-el-0  el_before_av_textblock  avia-builder-el-first  container_wrap fullsize' style=' '  ><div  data-size='no scaling'  data-lightbox_size='large'  data-animation='fade'  data-conditional_play=''  data-ids='3986'  data-video_counter='0'  data-autoplay='false'  data-bg_slider='false'  data-slide_height=''  data-handle='av_slideshow_full'  data-interval='4'  data-class=' '  data-css_id=''  data-scroll_down=''  data-control_layout='av-control-hidden'  data-custom_markup=''  data-perma_caption=''  data-autoplay_stopper=''  data-image_attachment=''  data-min_height='0px'  data-src=''  data-position='top left'  data-repeat='no-repeat'  data-attach='scroll'  data-stretch=''  class='avia-slideshow avia-slideshow-1  av-control-hidden av-default-height-applied avia-slideshow-no scaling av_slideshow_full   avia-fade-slider '  itemprop=\"image\" itemscope=\"itemscope\" itemtype=\"https:\/\/schema.org\/ImageObject\" ><ul class='avia-slideshow-inner ' style='padding-bottom: 28.8%;' ><li  class=' av-single-slide slide-1 ' ><div data-rel='slideshow-1' class='avia-slide-wrap '   ><img src='https:\/\/globeltag.de\/wp-content\/uploads\/2017\/06\/Globeltag-breit.png' width='2500' height='720' title='' alt=''  itemprop=\"thumbnailUrl\"   \/><\/div><\/li><\/ul><\/div><\/div><div id='after_full_slider_1' class='main_color av_default_container_wrap container_wrap fullsize' style=' '  ><div class='container' ><div class='template-page content  av-content-full alpha units'><div class='post-entry post-entry-type-page post-entry-6006'><div class='entry-content-wrapper clearfix'>\n<section class=\"av_textblock_section \"  itemscope=\"itemscope\" itemtype=\"https:\/\/schema.org\/CreativeWork\" ><div class='avia_textblock  '  style='font-size:16px; '  itemprop=\"text\" ><h2><b><span style=\"color: #000000;\">T\u00e9rminos y Condiciones<\/span><\/b><\/h2>\n<p><b><span style=\"color: #000000;\">T\u00e9rminos y Condiciones Generales<\/span><\/b><\/p>\n<p>Globeltag GmbH, 2017<\/p>\n<p><b><span style=\"color: #000000;\">\u00a71 Validez de las condiciones<br \/>\n<\/span> <\/b><span style=\"color: #000000;\">Globeltag presta sus servicios exclusivamente en base a estos t\u00e9rminos y condiciones. Por este medio se rechazan expresamente los t\u00e9rminos de compra u otras condiciones del cliente. En el caso de clientes comerciales, estos t\u00e9rminos y condiciones tambi\u00e9n se aplicar\u00e1n a todas las relaciones comerciales futuras, aunque no se acuerden de nuevo expresamente. Los acuerdos complementarios, las garant\u00edas y otros acuerdos, as\u00ed como las enmiendas y adiciones al contrato, ser\u00e1n efectivos por escrito. Globeltag opera un servicio de consultor\u00eda, un servicio de documentaci\u00f3n, un servicio de traductor y realiza programas de personalizaci\u00f3n. Las traducciones no s\u00f3lo son realizadas por Globeltag, sino por traductores independientes especializados designados por Globeltag. En todos los casos, sin embargo, las relaciones contractuales existen exclusivamente en Globeltag y no directamente con el respectivo traductor.<\/span><\/p>\n<p><b><span style=\"color: #000000;\">\u00a72 Conclusi\u00f3n del contrato<br \/>\n<\/span> <\/b><span style=\"color: #000000;\">Al aceptar una oferta escrita sobre la base de un c\u00e1lculo de precios enviado por Globeltag al cliente a trav\u00e9s de portal HUBTREE o por correo electr\u00f3nico o por el primer cumplimiento sobre la base de una oferta dada por Globeltag, se concluye el contrato con el cliente. A menos que se acuerde lo contrario, los c\u00e1lculos de precios de Globeltag siempre son gratuitos y no vinculantes. Globeltag podr\u00e1 condicionar la celebraci\u00f3n del contrato a la presentaci\u00f3n de una prueba escrita de prosperidad, pago anticipado o declaraci\u00f3n de garant\u00eda de un banco alem\u00e1n. Las fechas de entrega s\u00f3lo son vinculantes, si han sido confirmadas por escrito por Globeltag.<\/span><\/p>\n<p><b><span style=\"color: #000000;\">\u00a73 Alcance de los servicios \/ derechos de uso en proyectos de traducci\u00f3n<br \/>\n<\/span> <\/b><span style=\"color: #000000;\">Globeltag se compromete a entregar un texto proporcionado por el cliente en un idioma diferente y de una manera adecuada en un idioma diferente y asegurar que la traducci\u00f3n se realice sin reducciones, adiciones u otros cambios de contenido. Las traducciones se llevan a cabo de acuerdo con el significado del texto original literal o significativa y mentalmente de acuerdo con los est\u00e1ndares generales de calidad media del sector de la traducci\u00f3n de la respectiva \u00e1rea ling\u00fc\u00edstica. S\u00f3lo se traducen los textos. Los servicios adicionales como DTP, impresi\u00f3n, archivos HTML, etc. ser\u00e1n acordados por separado y facturados al final del contrato.<\/span><\/p>\n<p><b><span style=\"color: #000000;\">\u00a74 Disminuci\u00f3n \/ amonestaci\u00f3n<br \/>\n<\/span> <\/b><span style=\"color: #000000;\">Despu\u00e9s de la traducci\u00f3n del texto traducido es proporcionada por el registro del cliente en el servidor HUBTREE o por correo electr\u00f3nico para descargar. Al mismo tiempo, el cliente se env\u00eda por correo electr\u00f3nico o fax a la finalizaci\u00f3n de la orden. defectos evidentes en los textos de traducci\u00f3n o editoriales deben ser reportados inmediatamente despu\u00e9s de la descarga o despu\u00e9s de la entrada en la zona de recepci\u00f3n del cliente (por otras formas de env\u00edo) por escrito, indicando los defectos. Si los fallos frase 1 por defectos ocultos se aplica inmediatamente despu\u00e9s de llevarse a cabo sin demora una investigaci\u00f3n inmediatamente despu\u00e9s de su descubrimiento. Globeltag se\u00f1alar\u00e1 al cliente por separado para cada notificaci\u00f3n de finalizaci\u00f3n la importancia de la obligaci\u00f3n de notificar. no hecho una queja por escrito dentro de los 14 d\u00edas, la traducci\u00f3n se considerar\u00e1 de acuerdo con el contrato. Otras formas de env\u00edo, p. Por correo, correo electr\u00f3nico o fax, s\u00f3lo se hacen sobre la base de un acuerdo por separado.<\/span><\/p>\n<p><b><span style=\"color: #000000;\">\u00a75 Rectificaci\u00f3n<br \/>\n<\/span> <\/b><span style=\"color: #000000;\">En la medida en que la traducci\u00f3n o textos editoriales se desv\u00eden de los requisitos acordados respectivamente, el cliente Globeltag debe fijar un plazo razonable para la rectificaci\u00f3n. Se excluir\u00e1 un retrabajo si las desviaciones han sido causadas por el propio cliente, p. Por informaci\u00f3n incorrecta o incompleta o textos originales incorrectos. Despu\u00e9s de la expiraci\u00f3n del plazo establecido, el cliente podr\u00e1 exigir la cancelaci\u00f3n del contrato (conversi\u00f3n) o la reducci\u00f3n de la compensaci\u00f3n (reducci\u00f3n) si el defecto no ha sido eliminado a tiempo. Las reclamaciones quedan excluidas si la desviaci\u00f3n en el sentido de la subsecci\u00f3n (1) reduce el valor o la idoneidad de la traducci\u00f3n s\u00f3lo de manera insignificante. La estipulaci\u00f3n de un plazo no es necesaria si el cliente expresamente declar\u00f3 al final del contrato que la entrega del objeto contractual es in\u00fatil despu\u00e9s de la expiraci\u00f3n del plazo de entrega establecido.<\/span><\/p>\n<p><b><span style=\"color: #000000;\">\u00a76 Remuneraci\u00f3n \/ Pago<br \/>\n<\/span> <\/b><span style=\"color: #000000;\">A menos que se estipule lo contrario acordado, proporciona Globeltag el cliente los servicios acordados con sus respectivas tasas aplicables o cuotas m\u00ednimas de pedido y las condiciones m\u00e1s. El IVA aplicable cargadas. Las respectivas remuneraciones se abonar\u00e1n con factura inmediata sin deducci\u00f3n. En caso de incumplimiento Globeltag tiene derecho a cobrar intereses i.H.v. 8% por encima de la tasa de descuento respectiva del Banco Central Europeo p.a. Para exigir. Si Globeltag es capaz de demostrar una mayor p\u00e9rdida, que tiene derecho a reclamarlo. El cliente tiene derecho a demostrar Globeltag que, como resultado de la morosidad no o significativamente menos da\u00f1o. Traducci\u00f3n, el contenido editorial y los derechos asociados (por ejemplo, Urheberpers\u00f6nlichkeits-, explotaci\u00f3n y derechos de uso) son hasta el pago total de la compensaci\u00f3n bajo reserva de dominio (reserva de derechos).<\/span><\/p>\n<p><b><span style=\"color: #000000;\">\u00a77 Derecho de compensaci\u00f3n y retenci\u00f3n<br \/>\n<\/span> <\/b><span style=\"color: #000000;\">El cliente puede compensar las reclamaciones de Globeltag \u00fanicamente con reclamaciones no declaradas o legalmente establecidas. El cliente tiene derecho a hacer valer un derecho de retenci\u00f3n \u00fanicamente sobre la base de las reconvenciones que resulten de la misma relaci\u00f3n contractual que las reclamaciones contra las que se mantiene el derecho de retenci\u00f3n. La cesi\u00f3n de derechos de este contrato no est\u00e1 permitida sin el consentimiento de Globeltag.<\/span><\/p>\n<p><b><span style=\"color: #000000;\">\u00a78 Terminaci\u00f3n<br \/>\n<\/span> <\/b><span style=\"color: #000000;\">El cliente puede terminar el pedido en cualquier momento hasta que se complete la traducci\u00f3n. Si el cliente suspende un contrato por encargo, los costes incurridos hasta este punto deben ser reembolsados proporcionalmente seg\u00fan el grado de terminaci\u00f3n. En cualquier caso, la solicitud de reembolso ser\u00e1 al menos el 50% del valor de la orden. Los documentos presentados por el cliente para la traducci\u00f3n o textos editoriales ser\u00e1n devueltos sin previo aviso inmediatamente despu\u00e9s de su terminaci\u00f3n o terminaci\u00f3n. Los datos obtenidos por el cliente en virtud de la orden o la traducci\u00f3n como archivo permanecen con el fin de archivar en Globeltag. Los datos ser\u00e1n borrados s\u00f3lo a petici\u00f3n expresa del cliente.<\/span><\/p>\n<p><b><span style=\"color: #000000;\">\u00a79 Responsabilidad \/ Limitaci\u00f3n de responsabilidad<br \/>\n<\/span> <\/b><span style=\"color: #000000;\">El cliente es responsable de los defectos en la presentaci\u00f3n del texto. Para los errores en los documentos impresos, la responsabilidad se excluye a menos Globeltag no se muestran en las pruebas. Queda excluida la responsabilidad por da\u00f1os y perjuicios derivados del hecho de que el cliente haya pasado el servicio sin auditar. Las demandas de indemnizaci\u00f3n en virtud del contrato, de una negligencia de contrato, de una violaci\u00f3n positiva de contrato y de una forma predeterminada en contra de ambos Globeltag y en relaci\u00f3n con sus agentes y agentes indirectos est\u00e1n excluidos, a menos que haya negligencia intenci\u00f3n o bruto o desaparecidos caracter\u00edsticas asegurados , La renuncia no se aplica si se ven afectadas las obligaciones contractuales esenciales en casos de negligencia leve (obligaciones cardinales). Globeltag no ser\u00e1 responsable de las interrupciones del servicio o los retrasos debidos a fuerza mayor o de imprevisto, temporal, no puede ser influenciado por sus obst\u00e1culos de rendimiento, en particular las huelgas y los paros, fallas de las redes de comunicaci\u00f3n y pasarelas de otros operadores. A menos que otras disposiciones de estos t\u00e9rminos excluyen la responsabilidad, esto en comparaci\u00f3n con los clientes, los comerciantes son, por los da\u00f1os causados \u200b\u200bpor el uso de los servicios Globeltag, a trav\u00e9s de la transmisi\u00f3n y el almacenamiento de los datos por Globeltag debido a que el almacenamiento o transmisi\u00f3n ofrecida no se ha hecho de los datos por Globeltag, causada por la deuda de Globeltag desaparici\u00f3n de textos y documentos, una cantidad limitada a los da\u00f1os previsibles probada. No hay ninguna responsabilidad adicional.<\/span><\/p>\n<p><b><span style=\"color: #000000;\">\u00a710 Caveat emptor<br \/>\n<\/span> <\/b><span style=\"color: #000000;\">A menos que se acuerde lo contrario, Globeltag no garantiza que los textos de traducci\u00f3n o editoriales respectivos sean admisibles y adecuados para los fines del cliente. Esto se aplica en particular en el caso de que dicho contenido se publique o se utilice con fines publicitarios. El riesgo jur\u00eddico del uso o de la publicaci\u00f3n correr\u00e1 \u00fanicamente por cuenta del cliente.<\/span><\/p>\n<p><b><span style=\"color: #000000;\">\u00a711 Confidencialidad \/ virus \/ protecci\u00f3n de datos<\/span><\/b><span style=\"color: #000000;\">G<br \/>\nGlobeltag se esfuerza por mantener la confidencialidad de los textos transmitidos de acuerdo con el \u00faltimo estado de la t\u00e9cnica. Sin embargo Globeltag no puede garantizar que la confidencialidad 100% hecho como resultado de la comunicaci\u00f3n electr\u00f3nica de datos, el acceso de terceros no autorizados presentar\u00e1 a las letras no pueden ser excluidos. Globeltag tambi\u00e9n se trat\u00f3 de examinar la comunicaci\u00f3n electr\u00f3nica de datos seg\u00fan el \u00faltimo estado de la t\u00e9cnica en cualquier tipo de virus o programas de sabotaje fuera. Sin embargo, el 100% de protecci\u00f3n contra virus o actos de sabotaje no puede garantizarse, incluso si se toma el debido cuidado. El cliente deber\u00e1 ser informado expresamente de cualquier riesgo residual restante. El cliente es el presente acuerdo con el \u00a7 33 p\u00e1rr. 1 de la Ley de Protecci\u00f3n de Datos Federal (Ley) inform\u00f3 que Globeltag hace uso de los datos personales en forma legible por m\u00e1quina y para las tareas derivadas del presente contrato, terceros m\u00e1quina verarbeitet.Soweit Globeltag para proporcionar los servicios ofrecidos, Globeltag tiene derecho a revelar los datos de los participantes de conformidad con las disposiciones de la \u00a7 28 BDSG. A estos efectos no se titula como entre los casos en los que hacen que la detecci\u00f3n, localizaci\u00f3n, la eliminaci\u00f3n de los fallos y defectos en las plantas de la empresa Globeltag y en las no dispuesta de terceros la transmisi\u00f3n de los datos necesarios. Globeltag declara que sus empleados y agentes, que act\u00faan en virtud de este Acuerdo, se han visto obligados a mantener en secreto los datos de acuerdo con la \u00a7 5 BDSG y que Globeltag ha tomado el acuerdo necesario \u00a7 9 medidas t\u00e9cnicas y organizativas BDSG para garantizar la aplicaci\u00f3n de las disposiciones de la Ley de Protecci\u00f3n de Datos Federal Asegurar.<\/span><\/p>\n<p><b><span style=\"color: #000000;\">\u00a712 Prohibici\u00f3n de la incitaci\u00f3n<\/span> <\/b><span style=\"color: #000000;\">Der Kunde verpflichtet sich, w\u00e4hrend der Dauer der Zusammenarbeit der Parten und f\u00fcr einen Zeitraum von einem Jahr danach keine bei uns t\u00e4tigen eigenen oder im Subauftrag besch\u00e4ftigten \u00dcbersetzer \/ Dienstleister von Globeltag abzuwerben oder ohne Zustimmung von Globeltag anzustellen. F\u00fcr jeden Fall der schuldhaften Zuwiderhandlung verpflichtet sich der Kunde, de la Globeltag der H\u00f6he nach festzusetzende und im Streitfall vom zust\u00e4ndigen El franqueo est\u00e1 disponible para su descarga. Vertragsstrafe zu zahlen. Diese Verpflichtung gilt auch bei Abwerbungen, Einstellungen oder Beauftragungen von vereidigten \u00dcbersetzern, die zuvor im Subauftrag, Angestelltenverh\u00e4ltnis oder anders for Globeltag t\u00e4tig wurden. Die Einrede des Fortsetzungszusammenhanges ist ausgeschlossen.<\/span><\/p>\n<p><b><span style=\"color: #000000;\">\u00a713 Disposiciones finales<br \/>\n<\/span> <\/b><span style=\"color: #000000;\">Ejecuci\u00f3n de los servicios contractuales es la Globeltag empresa en el asiento Bardowick, Rep\u00fablica Federal de Alemania. Si las partes han acordado por escrito, esto tambi\u00e9n se cumple por correo electr\u00f3nico y fax. Los contratos celebrados sobre la base de estos t\u00e9rminos y condiciones generales est\u00e1n sujetos exclusivamente al derecho alem\u00e1n. Disposiciones de la legislaci\u00f3n internacional ventas uniformes (CIM) est\u00e1n, en la medida permitida, irrenunciables. El domicilio social de Globeltag es el lugar de jurisdicci\u00f3n para todos los litigios derivados de esta relaci\u00f3n contractual con respecto a los clientes a gran escala. Lo mismo se aplica a los casos en que el cliente no tiene jurisdicci\u00f3n general en Alemania (m\u00e1s) o tiene su domicilio o residencia habitual en el momento de la acci\u00f3n no se conoce. Globeltag tambi\u00e9n tiene derecho a demandar en la sede del cliente. Si alguna disposici\u00f3n de este Acuerdo, en su totalidad o en parte, nula o inv\u00e1lida, ello no afectar\u00e1 a la validez de las disposiciones restantes. M\u00e1s bien, el prop\u00f3sito del acuerdo correspondiente, o al menos cerca de \u00e9l prestaci\u00f3n de sustituci\u00f3n que las partes hubieran acordado para lograr el mismo resultado econ\u00f3mico si hubieran conocido la nulidad de la disposici\u00f3n es en lugar de la disposici\u00f3n inv\u00e1lida. Lo mismo se aplica correspondientemente a una brecha de regulaci\u00f3n.<\/span><\/p>\n<p><span lang=\"EN-GB\"><span style=\"color: #000000; font-family: Calibri;\">\u00a0<\/span><\/span><\/p>\n<\/div><\/section>\n","protected":false},"excerpt":{"rendered":"","protected":false},"author":1,"featured_media":0,"parent":0,"menu_order":0,"comment_status":"closed","ping_status":"closed","template":"","meta":{"footnotes":""},"class_list":["post-6006","page","type-page","status-publish","hentry"],"_links":{"self":[{"href":"https:\/\/globeltag.de\/es\/wp-json\/wp\/v2\/pages\/6006","targetHints":{"allow":["GET"]}}],"collection":[{"href":"https:\/\/globeltag.de\/es\/wp-json\/wp\/v2\/pages"}],"about":[{"href":"https:\/\/globeltag.de\/es\/wp-json\/wp\/v2\/types\/page"}],"author":[{"embeddable":true,"href":"https:\/\/globeltag.de\/es\/wp-json\/wp\/v2\/users\/1"}],"replies":[{"embeddable":true,"href":"https:\/\/globeltag.de\/es\/wp-json\/wp\/v2\/comments?post=6006"}],"version-history":[{"count":6,"href":"https:\/\/globeltag.de\/es\/wp-json\/wp\/v2\/pages\/6006\/revisions"}],"predecessor-version":[{"id":6019,"href":"https:\/\/globeltag.de\/es\/wp-json\/wp\/v2\/pages\/6006\/revisions\/6019"}],"wp:attachment":[{"href":"https:\/\/globeltag.de\/es\/wp-json\/wp\/v2\/media?parent=6006"}],"curies":[{"name":"wp","href":"https:\/\/api.w.org\/{rel}","templated":true}]}}