{"id":5979,"date":"2017-08-26T16:24:06","date_gmt":"2017-08-26T14:24:06","guid":{"rendered":"http:\/\/globeltag.de\/aviso-legal\/"},"modified":"2023-11-13T17:21:37","modified_gmt":"2023-11-13T15:21:37","slug":"avisolegal","status":"publish","type":"page","link":"https:\/\/globeltag.de\/es\/avisolegal\/","title":{"rendered":"Aviso legal"},"content":{"rendered":"<div id='full_slider_1' class='avia-fullwidth-slider main_color avia-shadow   avia-builder-el-0  el_before_av_textblock  avia-builder-el-first  container_wrap fullsize' style=' '  ><div  data-size='no scaling'  data-lightbox_size='large'  data-animation='fade'  data-conditional_play=''  data-ids='3986'  data-video_counter='0'  data-autoplay='false'  data-bg_slider='false'  data-slide_height=''  data-handle='av_slideshow_full'  data-interval='4'  data-class=' '  data-css_id=''  data-scroll_down=''  data-control_layout='av-control-hidden'  data-custom_markup=''  data-perma_caption=''  data-autoplay_stopper=''  data-image_attachment=''  data-min_height='0px'  data-src=''  data-position='top left'  data-repeat='no-repeat'  data-attach='scroll'  data-stretch=''  class='avia-slideshow avia-slideshow-1  av-control-hidden av-default-height-applied avia-slideshow-no scaling av_slideshow_full   avia-fade-slider '  itemprop=\"image\" itemscope=\"itemscope\" itemtype=\"https:\/\/schema.org\/ImageObject\" ><ul class='avia-slideshow-inner ' style='padding-bottom: 28.8%;' ><li  class=' av-single-slide slide-1 ' ><div data-rel='slideshow-1' class='avia-slide-wrap '   ><img src='https:\/\/globeltag.de\/wp-content\/uploads\/2017\/06\/Globeltag-breit.png' width='2500' height='720' title='' alt=''  itemprop=\"thumbnailUrl\"   \/><\/div><\/li><\/ul><\/div><\/div><div id='after_full_slider_1' class='main_color av_default_container_wrap container_wrap fullsize' style=' '  ><div class='container' ><div class='template-page content  av-content-full alpha units'><div class='post-entry post-entry-type-page post-entry-5979'><div class='entry-content-wrapper clearfix'>\n<section class=\"av_textblock_section \"  itemscope=\"itemscope\" itemtype=\"https:\/\/schema.org\/CreativeWork\" ><div class='avia_textblock  '  style='font-size:16px; '  itemprop=\"text\" ><h2><b><span style=\"color: #000000;\">Aviso legal<\/span><\/b><\/h2>\n<p><strong>Responsables del contenido<\/strong><\/p>\n<p><strong>Globeltag GmbH<\/strong><\/p>\n<p><strong>Thomas Peinemann &#8211; Gerente<\/strong><\/p>\n<p><strong>Registro comercial<\/strong><\/p>\n<p><strong>Juzgado municipal Hannover<\/strong><\/p>\n<p><strong>HRB 201849<\/strong><\/p>\n<p><strong>Sede de la empresa<\/strong><\/p>\n<p><strong>GlobelTag GmbH<\/strong><\/p>\n<p><strong>Im Olen Dinst 14<\/strong><br \/>\n<strong> D-21357 Bardowick<\/strong><br \/>\n<strong> Alemania<\/strong><br \/>\n<strong> Tel: +49 4131 2635033<\/strong><br \/>\n<strong> Fax: +49 4131 2635032<br \/>\n<\/strong><\/p>\n<p><a href=\"http:\/\/www.globeltag.de\"><strong>www.globeltag.de<\/strong><\/a><\/p>\n<div class=\"av-special-heading av-special-heading-h5 blockquote modern-quote avia-builder-el-7 el_before_av_hr avia-builder-el-first \">\n<h3 class=\"av-special-heading-tag\"><strong>Exoneraci\u00f3n de responsabilidad<\/strong><\/h3>\n<div class=\"special-heading-border\"><\/div>\n<\/div>\n<div class=\"hr hr-custom hr-center hr-icon-no avia-builder-el-8 el_after_av_heading el_before_av_textblock \"><\/div>\n<section class=\"av_textblock_section\">\n<div class=\"avia_textblock \">\n<p><strong>1. Contenido de la oferta online<\/strong><br \/>\nEl autor no asume ninguna clase de garant\u00eda por la actualidad, exactitud, integridad o calidad de la informaci\u00f3n puesta a disposici\u00f3n. Quedan excluidos los derechos de responsabilidad contra el autor por da\u00f1os materiales o intelectuales que puedan ser originados por el uso o no uso de la informaci\u00f3n brindada o por el uso de informaci\u00f3n err\u00f3nea o incompleta, salvo que se demuestre que el autor es culpable por dolo o imprudencia. Todas las ofertas son libres y no vinculantes. El autor se reserva expresamente el derecho de modificar parte de la p\u00e1gina o la oferta completa, sin previo aviso, a completarlo, borrarlo o a anular su publicaci\u00f3n parcial o definitiva.<\/p>\n<p><strong>2. Referencias y enlaces<\/strong><br \/>\nEn caso de referencias directas o indirectas a p\u00e1ginas web ajenas (\u00abhiperlinks\u00bb) que se encuentran fuera del \u00e1rea de responsabilidad del autor, solo habr\u00eda obligaci\u00f3n de responsabilidad si el autor tuviera conocimiento de los contenidos y t\u00e9cnicamente le fuera posible y exigible, evitar el uso de contenidos ilegales. Por el presente el autor declara expresamente que al momento del establecimiento de los enlaces no pudo reconocerse contenidos ilegales en las p\u00e1ginas enlazadas. Asimismo el autor no tiene ninguna clase de influencia sobre la confecci\u00f3n actual o futura, los contenidos o la autor\u00eda de las p\u00e1ginas enlazadas. Por ello por este medio se distancia expresamente de todos los contenidos de todas las p\u00e1ginas enlazadas que hayan sido modificados posteriormente al establecimiento de los mismos. Dicha declaraci\u00f3n rige para todas las referencias y enlaces colocados dentro de la propia p\u00e1gina de Internet as\u00ed como para todas las entradas ajenas en libros de visitas, foros de discusi\u00f3n, \u00edndices de enlaces, listas de mailing y en toda clase de banco de datos creados por el autor en cuyos contenidos sean posibles los accesos a redacci\u00f3n externos. El \u00fanico responsable por los contenidos ilegales, err\u00f3neos o no \u00edntegros y, especialmente, por da\u00f1os que puedan surgir por el uso o no uso de la informaci\u00f3n ofrecida, es el proveedor de la p\u00e1gina a la cual se ha hecho referencia, no aquel que simplemente refiere a la misma mediante la publicaci\u00f3n de enlaces.<\/p>\n<p><strong>3. Derecho de autor y de marca<\/strong><br \/>\nEl autor se esfuerza por respetar en todas las publicaciones los derechos de autor de las im\u00e1genes, gr\u00e1ficos, audios, secuencias de v\u00eddeos y textos utilizados, por utilizar im\u00e1genes, gr\u00e1ficos, audios, secuencias de v\u00eddeos y textos creados por \u00e9l mismo o a recurrir a im\u00e1genes, gr\u00e1ficos, audios, secuencias de v\u00eddeos y textos que no posean licencias. Todas las marcas comerciales mencionadas dentro de la p\u00e1gina de Internet se encuentran sujetas ilimitadamente a las determinaciones respectivamente vigentes del derecho de marcha y derechos de autor del propietario registrado. \u00a1Por el solo hecho de mencionarlas no se debe llegar a la conclusi\u00f3n que los derechos de marca no est\u00e1n protegidos por los derechos de terceros! El Copyright de los objetos publicados y creados por el autor le corresponden al mismo. Por lo tanto est\u00e1 prohibida la multiplicaci\u00f3n o utilizaci\u00f3n de dichos gr\u00e1ficos, audios, secuencias de v\u00eddeos y textos en cualquier publicaci\u00f3n electr\u00f3nica o impresa sin previo consentimiento expreso del autor.<\/p>\n<p><strong>4. Protecci\u00f3n de datos<\/strong><br \/>\nSi dentro de la p\u00e1gina de Internet existiera la posibilidad de ingreso de datos personales o comerciales (direcciones de E-mail, nombres, direcciones), la revelaci\u00f3n de dichos datos por parte del usuario es totalmente voluntaria. La utilizaci\u00f3n y el pago de todos los servicios ofrecidos es posible incluso sin la indicaci\u00f3n de dichos datos o con la indicaci\u00f3n de datos anonimizados o de un seud\u00f3nimo, siempre que esto sea t\u00e9cnicamente posible. Est\u00e1 prohibida la utilizaci\u00f3n por parte de terceros de los datos de contacto y direcciones postales, n\u00fameros de tel\u00e9fono y de fax o direcciones de E-mail publicados en el marco del aviso legal o datos comparables, para enviar informaci\u00f3n no solicitada expresamente. Ante la infracci\u00f3n de dicha prohibici\u00f3n nos reservamos expresamente el derecho a tomar medidas legales contra los remitentes de dichos Spam-E-mails.<\/p>\n<p><strong>5. Validez jur\u00eddica y exclusi\u00f3n de responsabilidad<\/strong><br \/>\nEsta exclusi\u00f3n de responsabilidad debe considerarse parte de la p\u00e1gina Web desde la cual se ha hecho referencia a esta p\u00e1gina. Si hubiera partes o p\u00e1rrafos individuales del texto que no correspondan o no correspondan por completo con la situaci\u00f3n legal, las partes restantes del documento permanecer\u00e1 inalterable y su contenido y vigencia tambi\u00e9n.<\/p>\n<\/div>\n<\/section>\n<\/div><\/section>\n","protected":false},"excerpt":{"rendered":"","protected":false},"author":1,"featured_media":0,"parent":0,"menu_order":0,"comment_status":"closed","ping_status":"closed","template":"","meta":{"footnotes":""},"class_list":["post-5979","page","type-page","status-publish","hentry"],"_links":{"self":[{"href":"https:\/\/globeltag.de\/es\/wp-json\/wp\/v2\/pages\/5979","targetHints":{"allow":["GET"]}}],"collection":[{"href":"https:\/\/globeltag.de\/es\/wp-json\/wp\/v2\/pages"}],"about":[{"href":"https:\/\/globeltag.de\/es\/wp-json\/wp\/v2\/types\/page"}],"author":[{"embeddable":true,"href":"https:\/\/globeltag.de\/es\/wp-json\/wp\/v2\/users\/1"}],"replies":[{"embeddable":true,"href":"https:\/\/globeltag.de\/es\/wp-json\/wp\/v2\/comments?post=5979"}],"version-history":[{"count":4,"href":"https:\/\/globeltag.de\/es\/wp-json\/wp\/v2\/pages\/5979\/revisions"}],"predecessor-version":[{"id":6798,"href":"https:\/\/globeltag.de\/es\/wp-json\/wp\/v2\/pages\/5979\/revisions\/6798"}],"wp:attachment":[{"href":"https:\/\/globeltag.de\/es\/wp-json\/wp\/v2\/media?parent=5979"}],"curies":[{"name":"wp","href":"https:\/\/api.w.org\/{rel}","templated":true}]}}