{"id":5889,"date":"2017-08-26T12:30:35","date_gmt":"2017-08-26T10:30:35","guid":{"rendered":"http:\/\/globeltag.de\/gestiondeidiomas\/proceso-de-encargo-optimo\/"},"modified":"2017-08-26T12:31:30","modified_gmt":"2017-08-26T10:31:30","slug":"optimo","status":"publish","type":"page","link":"https:\/\/globeltag.de\/es\/gestiondeidiomas\/optimo\/","title":{"rendered":"Proceso de encargo \u00f3ptimo"},"content":{"rendered":"<div id='full_slider_1' class='avia-fullwidth-slider main_color avia-shadow   avia-builder-el-0  el_before_av_one_full  avia-builder-el-first  container_wrap fullsize' style=' '  ><div  data-size='no scaling'  data-lightbox_size='large'  data-animation='fade'  data-conditional_play=''  data-ids='4425'  data-video_counter='0'  data-autoplay='true'  data-bg_slider='false'  data-slide_height=''  data-handle='av_slideshow_full'  data-interval='4'  data-class=' '  data-css_id=''  data-scroll_down=''  data-control_layout='av-control-default'  data-custom_markup=''  data-perma_caption=''  data-autoplay_stopper=''  data-image_attachment=''  data-min_height='0px'  data-src=''  data-position='top left'  data-repeat='no-repeat'  data-attach='scroll'  data-stretch=''  class='avia-slideshow avia-slideshow-1  av-control-default av-default-height-applied avia-slideshow-no scaling av_slideshow_full   avia-fade-slider '  itemprop=\"image\" itemscope=\"itemscope\" itemtype=\"https:\/\/schema.org\/ImageObject\" ><ul class='avia-slideshow-inner ' style='padding-bottom: 21.68815943728%;' ><li  class=' av-single-slide slide-1 ' ><div data-rel='slideshow-1' class='avia-slide-wrap '   ><img src='https:\/\/globeltag.de\/wp-content\/uploads\/2017\/06\/artem-breit.jpg' width='2559' height='555' title='' alt=''  itemprop=\"thumbnailUrl\"   \/><\/div><\/li><\/ul><\/div><\/div><div id='after_full_slider_1' class='main_color av_default_container_wrap container_wrap fullsize' style=' '  ><div class='container' ><div class='template-page content  av-content-full alpha units'><div class='post-entry post-entry-type-page post-entry-5889'><div class='entry-content-wrapper clearfix'>\n<div class=\"flex_column av_one_full  av-animated-generic bottom-to-top  flex_column_div av-zero-column-padding first  avia-builder-el-1  el_after_av_slideshow_full  el_before_av_hr  avia-builder-el-first  \" style='margin-top:0px; margin-bottom:0px; border-radius:0px; '><p><div style='padding-bottom:0px; font-size:28px;' class='av-special-heading av-special-heading-h3  blockquote modern-quote  avia-builder-el-2  el_before_av_hr  avia-builder-el-first   av-inherit-size '><h3 class='av-special-heading-tag '  itemprop=\"headline\"  >Gesti\u00f3n de idiomas &#8211; proceso de encargo \u00f3ptimo<\/h3><div class='special-heading-border'><div class='special-heading-inner-border' ><\/div><\/div><\/div><br \/>\n<div style='height:50px' class='hr hr-invisible   avia-builder-el-3  el_after_av_heading  el_before_av_slideshow '><span class='hr-inner ' ><span class='hr-inner-style'><\/span><\/span><\/div><br \/>\n<div  data-size='featured_large'  data-lightbox_size='large'  data-animation='fade'  data-conditional_play=''  data-ids='4340'  data-video_counter='0'  data-autoplay='true'  data-bg_slider='false'  data-slide_height=''  data-handle='av_slideshow'  data-interval='5'  data-class=' avia-builder-el-4  el_after_av_hr  avia-builder-el-last  '  data-css_id=''  data-scroll_down=''  data-control_layout='av-control-hidden'  data-custom_markup=''  data-perma_caption=''  data-autoplay_stopper=''  data-image_attachment=''  data-min_height='0px'  data-default-height='42'  class='avia-slideshow avia-slideshow-2  av-control-hidden av-default-height-applied avia-slideshow-featured_large av_slideshow  avia-builder-el-4  el_after_av_hr  avia-builder-el-last   avia-fade-slider '  itemprop=\"image\" itemscope=\"itemscope\" itemtype=\"https:\/\/schema.org\/ImageObject\" ><ul class='avia-slideshow-inner ' style='padding-bottom: 42%;' ><li  class=' av-single-slide slide-1 ' ><div data-rel='slideshow-2' class='avia-slide-wrap '   ><img src='https:\/\/globeltag.de\/wp-content\/uploads\/2017\/06\/cream-lam-257365-1500x630.jpg' width='1500' height='630' title='' alt=''  itemprop=\"thumbnailUrl\"   \/><\/div><\/li><\/ul><\/div><\/p><\/div>\n<div style=' margin-top:10px; margin-bottom:10px;'  class='hr hr-custom hr-left hr-icon-no   avia-builder-el-5  el_after_av_one_full  el_before_av_one_full '><span class='hr-inner   inner-border-av-border-fat' style=' width:50px; border-color:#001ece;' ><span class='hr-inner-style'><\/span><\/span><\/div>\n<div class=\"flex_column av_one_full  av-animated-generic bottom-to-top  flex_column_div av-zero-column-padding first  avia-builder-el-6  el_after_av_hr  el_before_av_hr  \" style='margin-top:0px; margin-bottom:0px; border-radius:0px; '><section class=\"av_textblock_section \"  itemscope=\"itemscope\" itemtype=\"https:\/\/schema.org\/CreativeWork\" ><div class='avia_textblock  '  style='font-size:20px; '  itemprop=\"text\" ><p>Se le solicita a las agencias de traducciones que trabajen con un banco de datos biling\u00fce. En dicho banco de datos se guardan todas las traducciones.<\/p>\n<p>La gracia de este banco de datos es que le ofrece al cliente una escala para la formaci\u00f3n de precios. Pues ahora s\u00ed se puede cuantificar exactamente el trabajo que requiere una traducci\u00f3n.<\/p>\n<p>De esta forma el cliente puede ahorrarse las licitaciones y especificar concretamente un precio.<\/p>\n<p>Los efectos secundarios tambi\u00e9n son muy agradables pues el traductor ve los resultados de la traducci\u00f3n anterior. As\u00ed puede orientarse a los contenidos y al estilo de redacci\u00f3n.<\/p>\n<p>Estos bancos de datos biling\u00fces son los denominados activos inmateriales. Por a\u00f1o el valor de estos bancos de datos crece en funci\u00f3n al volumen de encargos que Ud. entregue externamente.<\/p>\n<\/div><\/section><\/div><div style=' margin-top:10px; margin-bottom:10px;'  class='hr hr-custom hr-left hr-icon-no   avia-builder-el-8  el_after_av_one_full  el_before_av_slideshow '><span class='hr-inner   inner-border-av-border-fat' style=' width:50px; border-color:#001ece;' ><span class='hr-inner-style'><\/span><\/span><\/div><\/p>\n<div  data-size='featured_large'  data-lightbox_size='large'  data-animation='fade'  data-conditional_play=''  data-ids='3833'  data-video_counter='0'  data-autoplay='true'  data-bg_slider='false'  data-slide_height=''  data-handle='av_slideshow'  data-interval='5'  data-class=' avia-builder-el-9  el_after_av_hr  avia-builder-el-last  '  data-css_id=''  data-scroll_down=''  data-control_layout='av-control-hidden'  data-custom_markup=''  data-perma_caption=''  data-autoplay_stopper=''  data-image_attachment=''  data-min_height='0px'  data-default-height='42'  class='avia-slideshow avia-slideshow-3  av-control-hidden av-default-height-applied avia-slideshow-featured_large av_slideshow  avia-builder-el-9  el_after_av_hr  avia-builder-el-last   avia-fade-slider '  itemprop=\"image\" itemscope=\"itemscope\" itemtype=\"https:\/\/schema.org\/ImageObject\" ><ul class='avia-slideshow-inner ' style='padding-bottom: 45.032165832738%;' ><li  class=' av-single-slide slide-1 ' ><div data-rel='slideshow-3' class='avia-slide-wrap '   ><img src='https:\/\/globeltag.de\/wp-content\/uploads\/2015\/10\/binary-1414319-1399x630.jpg' width='1399' height='630' title='' alt=''  itemprop=\"thumbnailUrl\"   \/><\/div><\/li><\/ul><\/div>\n","protected":false},"excerpt":{"rendered":"","protected":false},"author":1,"featured_media":0,"parent":5820,"menu_order":0,"comment_status":"closed","ping_status":"closed","template":"","meta":{"footnotes":""},"class_list":["post-5889","page","type-page","status-publish","hentry"],"_links":{"self":[{"href":"https:\/\/globeltag.de\/es\/wp-json\/wp\/v2\/pages\/5889","targetHints":{"allow":["GET"]}}],"collection":[{"href":"https:\/\/globeltag.de\/es\/wp-json\/wp\/v2\/pages"}],"about":[{"href":"https:\/\/globeltag.de\/es\/wp-json\/wp\/v2\/types\/page"}],"author":[{"embeddable":true,"href":"https:\/\/globeltag.de\/es\/wp-json\/wp\/v2\/users\/1"}],"replies":[{"embeddable":true,"href":"https:\/\/globeltag.de\/es\/wp-json\/wp\/v2\/comments?post=5889"}],"version-history":[{"count":3,"href":"https:\/\/globeltag.de\/es\/wp-json\/wp\/v2\/pages\/5889\/revisions"}],"predecessor-version":[{"id":5892,"href":"https:\/\/globeltag.de\/es\/wp-json\/wp\/v2\/pages\/5889\/revisions\/5892"}],"up":[{"embeddable":true,"href":"https:\/\/globeltag.de\/es\/wp-json\/wp\/v2\/pages\/5820"}],"wp:attachment":[{"href":"https:\/\/globeltag.de\/es\/wp-json\/wp\/v2\/media?parent=5889"}],"curies":[{"name":"wp","href":"https:\/\/api.w.org\/{rel}","templated":true}]}}