{"id":5695,"date":"2017-08-21T20:45:28","date_gmt":"2017-08-21T18:45:28","guid":{"rendered":"http:\/\/globeltag.de\/documentacion\/objetivos-y-consultas\/"},"modified":"2017-08-27T17:21:15","modified_gmt":"2017-08-27T15:21:15","slug":"objetivos","status":"publish","type":"page","link":"https:\/\/globeltag.de\/es\/documentacion\/objetivos\/","title":{"rendered":"Objetivos y preguntas"},"content":{"rendered":"<div id='full_slider_1' class='avia-fullwidth-slider main_color avia-shadow   avia-builder-el-0  el_before_av_one_full  avia-builder-el-first  container_wrap fullsize' style=' '  ><div  data-size='no scaling'  data-lightbox_size='large'  data-animation='fade'  data-conditional_play=''  data-ids='4097'  data-video_counter='0'  data-autoplay='true'  data-bg_slider='false'  data-slide_height=''  data-handle='av_slideshow_full'  data-interval='4'  data-class=' '  data-css_id=''  data-scroll_down=''  data-control_layout='av-control-hidden'  data-custom_markup=''  data-perma_caption=''  data-autoplay_stopper=''  data-image_attachment=''  data-min_height='0px'  data-src=''  data-position='top left'  data-repeat='no-repeat'  data-attach='scroll'  data-stretch=''  class='avia-slideshow avia-slideshow-1  av-control-hidden av-default-height-applied avia-slideshow-no scaling av_slideshow_full   avia-fade-slider '  itemprop=\"image\" itemscope=\"itemscope\" itemtype=\"https:\/\/schema.org\/ImageObject\" ><ul class='avia-slideshow-inner ' style='padding-bottom: 21.68815943728%;' ><li  class=' av-single-slide slide-1 ' ><div data-rel='slideshow-1' class='avia-slide-wrap '   ><img src='https:\/\/globeltag.de\/wp-content\/uploads\/2017\/06\/office-1834294.jpg' width='2559' height='555' title='' alt=''  itemprop=\"thumbnailUrl\"   \/><\/div><\/li><\/ul><\/div><\/div><div id='after_full_slider_1' class='main_color av_default_container_wrap container_wrap fullsize' style=' '  ><div class='container' ><div class='template-page content  av-content-full alpha units'><div class='post-entry post-entry-type-page post-entry-5695'><div class='entry-content-wrapper clearfix'>\n<div class=\"flex_column av_one_full  av-animated-generic bottom-to-top  flex_column_div av-zero-column-padding first  avia-builder-el-1  el_after_av_slideshow_full  el_before_av_one_full  avia-builder-el-first  \" style='margin-top:0px; margin-bottom:0px; border-radius:0px; '><p><div style='padding-bottom:0px; font-size:28px;' class='av-special-heading av-special-heading-h3  blockquote modern-quote  avia-builder-el-2  el_before_av_hr  avia-builder-el-first   av-inherit-size '><h3 class='av-special-heading-tag '  itemprop=\"headline\"  >Documentaci\u00f3n t\u00e9cnica &#8211; Objetivos y preguntas<\/h3><div class='special-heading-border'><div class='special-heading-inner-border' ><\/div><\/div><\/div><br \/>\n<div style='height:50px' class='hr hr-invisible   avia-builder-el-3  el_after_av_heading  el_before_av_slideshow '><span class='hr-inner ' ><span class='hr-inner-style'><\/span><\/span><\/div><br \/>\n<div  data-size='featured_large'  data-lightbox_size='large'  data-animation='fade'  data-conditional_play=''  data-ids='3841'  data-video_counter='0'  data-autoplay='false'  data-bg_slider='false'  data-slide_height=''  data-handle='av_slideshow'  data-interval='5'  data-class=' avia-builder-el-4  el_after_av_hr  avia-builder-el-last  '  data-css_id=''  data-scroll_down=''  data-control_layout='av-control-hidden'  data-custom_markup=''  data-perma_caption=''  data-autoplay_stopper=''  data-image_attachment=''  data-min_height='0px'  data-default-height='42'  class='avia-slideshow avia-slideshow-2  av-control-hidden av-default-height-applied avia-slideshow-featured_large av_slideshow  avia-builder-el-4  el_after_av_hr  avia-builder-el-last   avia-fade-slider '  itemprop=\"image\" itemscope=\"itemscope\" itemtype=\"https:\/\/schema.org\/ImageObject\" ><ul class='avia-slideshow-inner ' style='padding-bottom: 42%;' ><li  class=' av-single-slide slide-1 ' ><div data-rel='slideshow-2' class='avia-slide-wrap '   ><img src='https:\/\/globeltag.de\/wp-content\/uploads\/2015\/10\/post-it-notes-1284667-1500x630.jpg' width='1500' height='630' title='' alt=''  itemprop=\"thumbnailUrl\"   \/><\/div><\/li><\/ul><\/div><\/p><\/div><div class=\"flex_column av_one_full  av-animated-generic bottom-to-top  flex_column_div av-zero-column-padding first  avia-builder-el-5  el_after_av_one_full  el_before_av_one_full  column-top-margin\" style='margin-top:0px; margin-bottom:0px; border-radius:0px; '><p><div style=' margin-top:10px; margin-bottom:10px;'  class='hr hr-custom hr-left hr-icon-no   avia-builder-el-6  el_before_av_heading  avia-builder-el-first '><span class='hr-inner   inner-border-av-border-fat' style=' width:50px; border-color:#001ece;' ><span class='hr-inner-style'><\/span><\/span><\/div><br \/>\n<div style='padding-bottom:0px; font-size:26px;' class='av-special-heading av-special-heading-h3  blockquote modern-quote  avia-builder-el-7  el_after_av_hr  el_before_av_hr  av-inherit-size '><h3 class='av-special-heading-tag '  itemprop=\"headline\"  >Objetivos<\/h3><div class='special-heading-border'><div class='special-heading-inner-border' ><\/div><\/div><\/div><br \/>\n<div style=' margin-top:10px; margin-bottom:10px;'  class='hr hr-custom hr-left hr-icon-no   avia-builder-el-8  el_after_av_heading  avia-builder-el-last '><span class='hr-inner   inner-border-av-border-fat' style=' width:50px; border-color:#001ece;' ><span class='hr-inner-style'><\/span><\/span><\/div><\/p><\/div><\/p>\n<div class=\"flex_column av_one_full  av-animated-generic bottom-to-top  flex_column_div av-zero-column-padding first  avia-builder-el-9  el_after_av_one_full  el_before_av_one_full  column-top-margin\" style='margin-top:0px; margin-bottom:0px; border-radius:0px; '><section class=\"av_textblock_section \"  itemscope=\"itemscope\" itemtype=\"https:\/\/schema.org\/CreativeWork\" ><div class='avia_textblock  '  style='font-size:20px; '  itemprop=\"text\" ><p>En primer lugar, en la documentaci\u00f3n t\u00e9cnica se trata de aplicar las especificaciones legales (directiva de m\u00e1quinas UE) para, como empresa, estar del lado seguro desde lo legal. El objetivo es asegurar jur\u00eddicamente al gerente que posee responsabilidad personal.<\/p>\n<p>Desde el punto de vista del contenido, una buena documentaci\u00f3n t\u00e9cnica debe ser clara y estar bien estructurada. Un buen manual de instrucciones le ayuda al usuario a adaptarse r\u00e1pidamente a la nueva m\u00e1quina\/instalaci\u00f3n. Tambi\u00e9n es v\u00e1lida la regla que en muchos casos una imagen dice m\u00e1s que mil palabras.<\/p>\n<p>La documentaci\u00f3n es el reflejo de su empresa ante el cliente. Su m\u00e1quina\/instalaci\u00f3n de alta calidad terminar\u00e1 perdiendo valor si la documentaci\u00f3n no se encuentra en un nivel de calidad igualmente alto. Asimismo una buena documentaci\u00f3n debe ser f\u00e1cil de modificar, sustentable en el mantenimiento (\u00a1diez a\u00f1os!) y poseer seguridad jur\u00eddica.<\/p>\n<p>Todo esto debe poder realizarse con un trabajo claro.<\/p>\n<\/div><\/section><\/div>\n<div class=\"flex_column av_one_full  av-animated-generic bottom-to-top  flex_column_div av-zero-column-padding first  avia-builder-el-11  el_after_av_one_full  el_before_av_hr  column-top-margin\" style='margin-top:0px; margin-bottom:0px; border-radius:0px; '><p><div style=' margin-top:10px; margin-bottom:10px;'  class='hr hr-custom hr-left hr-icon-no   avia-builder-el-12  el_before_av_heading  avia-builder-el-first '><span class='hr-inner   inner-border-av-border-fat' style=' width:50px; border-color:#001ece;' ><span class='hr-inner-style'><\/span><\/span><\/div><br \/>\n<div style='padding-bottom:0px; font-size:26px;' class='av-special-heading av-special-heading-h3  blockquote modern-quote  avia-builder-el-13  el_after_av_hr  avia-builder-el-last  av-inherit-size '><h3 class='av-special-heading-tag '  itemprop=\"headline\"  >Preguntas<\/h3><div class='special-heading-border'><div class='special-heading-inner-border' ><\/div><\/div><\/div><\/p><\/div>\n<div style=' margin-top:10px; margin-bottom:10px;'  class='hr hr-custom hr-left hr-icon-no   avia-builder-el-14  el_after_av_one_full  el_before_av_one_full '><span class='hr-inner   inner-border-av-border-fat' style=' width:50px; border-color:#001ece;' ><span class='hr-inner-style'><\/span><\/span><\/div>\n<div class=\"flex_column av_one_full  av-animated-generic bottom-to-top  flex_column_div av-zero-column-padding first  avia-builder-el-15  el_after_av_hr  el_before_av_one_half  \" style='margin-top:0px; margin-bottom:0px; border-radius:0px; '><section class=\"av_textblock_section \"  itemscope=\"itemscope\" itemtype=\"https:\/\/schema.org\/CreativeWork\" ><div class='avia_textblock  '  style='font-size:20px; '  itemprop=\"text\" ><p>\u00bfC\u00f3mo puedo reducir los costos?<\/p>\n<p>\u00bfC\u00f3mo logro que mis colaboradores sean m\u00e1s productivos?<\/p>\n<p>\u00bfEst\u00e1n bien cualificados mis propios colaboradores?<\/p>\n<p>\u00bfMi documentaci\u00f3n cumple con las especificaciones legales?<\/p>\n<p>\u00bfUn sistema de redacci\u00f3n puede desencadenarme un \u00abproblema\u00bb?<\/p>\n<p>\u00bfAlcanza con una breve documentaci\u00f3n para el extranjero?<\/p>\n<\/div><\/section><\/div>\n<div class=\"flex_column av_one_half  av-animated-generic bottom-to-top  flex_column_div av-zero-column-padding first  avia-builder-el-17  el_after_av_one_full  el_before_av_one_half  column-top-margin\" style='border-radius:0px; '><p><div style=' margin-top:10px; margin-bottom:10px;'  class='hr hr-custom hr-left hr-icon-no   avia-builder-el-18  el_before_av_heading  avia-builder-el-first '><span class='hr-inner   inner-border-av-border-fat' style=' width:50px; border-color:#001ece;' ><span class='hr-inner-style'><\/span><\/span><\/div><br \/>\n<div style='padding-bottom:0px; font-size:26px;' class='av-special-heading av-special-heading-h3  blockquote modern-quote  avia-builder-el-19  el_after_av_hr  el_before_av_hr  av-inherit-size '><h3 class='av-special-heading-tag '  itemprop=\"headline\"  >Nuestros clientes<\/h3><div class='special-heading-border'><div class='special-heading-inner-border' ><\/div><\/div><\/div><br \/>\n<div style=' margin-top:10px; margin-bottom:10px;'  class='hr hr-custom hr-left hr-icon-no   avia-builder-el-20  el_after_av_heading  el_before_av_textblock '><span class='hr-inner   inner-border-av-border-fat' style=' width:50px; border-color:#001ece;' ><span class='hr-inner-style'><\/span><\/span><\/div><br \/>\n<section class=\"av_textblock_section \"  itemscope=\"itemscope\" itemtype=\"https:\/\/schema.org\/CreativeWork\" ><div class='avia_textblock  '  style='font-size:20px; '  itemprop=\"text\" ><p>Nuestros clientes son exitosas empresas de fabricaci\u00f3n de m\u00e1quinas que poseen un entorno de documentaci\u00f3n importante. Sin embargo estas empresas han constatado que la presi\u00f3n de plazos y de costos es cada vez mayor. En m\u00e1s de 1.000 proyectos de redacci\u00f3n hemos visto soluciones buenas y no tan buenas. Y aprovechamos esta experiencia para optimizar el proceso de redacci\u00f3n junto a nuestros clientes. Ofrecemos ayuda para la auto-ayuda y asesoramos a empresas industriales sobre c\u00f3mo confeccionar un buen manual de instrucciones r\u00e1pido y econ\u00f3mico.<\/p>\n<\/div><\/section><\/p><\/div>\n<div class=\"flex_column av_one_half  av-animated-generic bottom-to-top  flex_column_div av-zero-column-padding   avia-builder-el-22  el_after_av_one_half  avia-builder-el-last  column-top-margin\" style='border-radius:0px; '><p><div style='height:25px' class='hr hr-invisible   avia-builder-el-23  el_before_av_image  avia-builder-el-first '><span class='hr-inner ' ><span class='hr-inner-style'><\/span><\/span><\/div><br \/>\n<div class='avia-image-container avia_animated_image avia_animate_when_almost_visible fade-in av-styling-no-styling av-hover-grow   avia-builder-el-24  el_after_av_hr  el_before_av_hr  avia-align-center '  itemprop=\"image\" itemscope=\"itemscope\" itemtype=\"https:\/\/schema.org\/ImageObject\"  ><div class='avia-image-container-inner'><div class='avia-image-overlay-wrap'><img class='avia_image' src='https:\/\/globeltag.de\/wp-content\/uploads\/2015\/10\/andre-benz-256762-600x386.jpg' alt='' title='' height=\"386\" width=\"600\"  itemprop=\"thumbnailUrl\"  \/><\/div><\/div><\/div><br \/>\n<div style='height:30px' class='hr hr-invisible   avia-builder-el-25  el_after_av_image  el_before_av_image '><span class='hr-inner ' ><span class='hr-inner-style'><\/span><\/span><\/div><br \/>\n<div class='avia-image-container avia_animated_image avia_animate_when_almost_visible fade-in av-styling-no-styling av-hover-grow   avia-builder-el-26  el_after_av_hr  avia-builder-el-last  avia-align-center '  itemprop=\"image\" itemscope=\"itemscope\" itemtype=\"https:\/\/schema.org\/ImageObject\"  ><div class='avia-image-container-inner'><div class='avia-image-overlay-wrap'><img class='avia_image' src='https:\/\/globeltag.de\/wp-content\/uploads\/2015\/10\/binary-1414319-600x386.jpg' alt='' title='' height=\"386\" width=\"600\"  itemprop=\"thumbnailUrl\"  \/><\/div><\/div><\/div><\/p><\/div>\n","protected":false},"excerpt":{"rendered":"","protected":false},"author":1,"featured_media":0,"parent":5686,"menu_order":0,"comment_status":"closed","ping_status":"closed","template":"","meta":{"footnotes":""},"class_list":["post-5695","page","type-page","status-publish","hentry"],"_links":{"self":[{"href":"https:\/\/globeltag.de\/es\/wp-json\/wp\/v2\/pages\/5695","targetHints":{"allow":["GET"]}}],"collection":[{"href":"https:\/\/globeltag.de\/es\/wp-json\/wp\/v2\/pages"}],"about":[{"href":"https:\/\/globeltag.de\/es\/wp-json\/wp\/v2\/types\/page"}],"author":[{"embeddable":true,"href":"https:\/\/globeltag.de\/es\/wp-json\/wp\/v2\/users\/1"}],"replies":[{"embeddable":true,"href":"https:\/\/globeltag.de\/es\/wp-json\/wp\/v2\/comments?post=5695"}],"version-history":[{"count":9,"href":"https:\/\/globeltag.de\/es\/wp-json\/wp\/v2\/pages\/5695\/revisions"}],"predecessor-version":[{"id":6111,"href":"https:\/\/globeltag.de\/es\/wp-json\/wp\/v2\/pages\/5695\/revisions\/6111"}],"up":[{"embeddable":true,"href":"https:\/\/globeltag.de\/es\/wp-json\/wp\/v2\/pages\/5686"}],"wp:attachment":[{"href":"https:\/\/globeltag.de\/es\/wp-json\/wp\/v2\/media?parent=5695"}],"curies":[{"name":"wp","href":"https:\/\/api.w.org\/{rel}","templated":true}]}}