{"id":5650,"date":"2017-08-21T18:44:43","date_gmt":"2017-08-21T16:44:43","guid":{"rendered":"http:\/\/globeltag.de\/asesoramiento\/"},"modified":"2017-08-21T18:45:44","modified_gmt":"2017-08-21T16:45:44","slug":"asesoramiento","status":"publish","type":"page","link":"https:\/\/globeltag.de\/es\/asesoramiento\/","title":{"rendered":"Asesoramiento"},"content":{"rendered":"<div id='full_slider_1' class='avia-fullwidth-slider main_color avia-shadow   avia-builder-el-0  el_before_av_section  avia-builder-el-first  container_wrap fullsize' style=' '  ><div  data-size='no scaling'  data-lightbox_size='large'  data-animation='fade'  data-conditional_play=''  data-ids='4092'  data-video_counter='0'  data-autoplay='true'  data-bg_slider='false'  data-slide_height=''  data-handle='av_slideshow_full'  data-interval='4'  data-class=' '  data-css_id=''  data-scroll_down=''  data-control_layout='av-control-hidden'  data-custom_markup=''  data-perma_caption=''  data-autoplay_stopper=''  data-image_attachment=''  data-min_height='0px'  data-src=''  data-position='top left'  data-repeat='no-repeat'  data-attach='scroll'  data-stretch=''  class='avia-slideshow avia-slideshow-1  av-control-hidden av-default-height-applied avia-slideshow-no scaling av_slideshow_full   avia-fade-slider '  itemprop=\"image\" itemscope=\"itemscope\" itemtype=\"https:\/\/schema.org\/ImageObject\" ><ul class='avia-slideshow-inner ' style='padding-bottom: 21.68815943728%;' ><li  class=' av-single-slide slide-1 ' ><div data-rel='slideshow-1' class='avia-slide-wrap '   ><img src='https:\/\/globeltag.de\/wp-content\/uploads\/2015\/07\/helloquence-61189.jpg' width='2559' height='555' title='' alt=''  itemprop=\"thumbnailUrl\"   \/><\/div><\/li><\/ul><\/div><\/div>\n<div id='av_section_1' class='avia-section main_color avia-section-large avia-no-border-styling avia-bg-style-scroll  avia-builder-el-1  el_after_av_slideshow_full  avia-builder-el-last   container_wrap fullsize' style=' '  ><div class='container' ><div class='template-page content  av-content-full alpha units'><div class='post-entry post-entry-type-page post-entry-5650'><div class='entry-content-wrapper clearfix'>\n<div style='padding-bottom:10px; ' class='av-special-heading av-special-heading-h2  blockquote modern-quote  avia-builder-el-2  el_before_av_slideshow  avia-builder-el-first   '><h2 class='av-special-heading-tag '  itemprop=\"headline\"  >Asesoramiento<\/h2><div class='special-heading-border'><div class='special-heading-inner-border' ><\/div><\/div><\/div>\n<div  data-size='featured_large'  data-lightbox_size='large'  data-animation='fade'  data-conditional_play=''  data-ids='4227'  data-video_counter='0'  data-autoplay='true'  data-bg_slider='false'  data-slide_height=''  data-handle='av_slideshow'  data-interval='5'  data-class=' avia-builder-el-3  el_after_av_heading  el_before_av_hr  '  data-css_id=''  data-scroll_down=''  data-control_layout='av-control-hidden'  data-custom_markup=''  data-perma_caption=''  data-autoplay_stopper=''  data-image_attachment=''  data-min_height='0px'  data-default-height='42'  class='avia-slideshow avia-slideshow-2  av-control-hidden av-default-height-applied avia-slideshow-featured_large av_slideshow  avia-builder-el-3  el_after_av_heading  el_before_av_hr   avia-fade-slider '  itemprop=\"image\" itemscope=\"itemscope\" itemtype=\"https:\/\/schema.org\/ImageObject\" ><ul class='avia-slideshow-inner ' style='padding-bottom: 43.879907621247%;' ><li  class=' av-single-slide slide-1 ' ><div data-rel='slideshow-2' class='avia-slide-wrap '   ><img src='https:\/\/globeltag.de\/wp-content\/uploads\/2015\/07\/Visitenkarte.png' width='866' height='380' title='' alt=''  itemprop=\"thumbnailUrl\"   \/><\/div><\/li><\/ul><\/div>\n<div style=' margin-top:30px; margin-bottom:30px;'  class='hr hr-custom hr-center hr-icon-no   avia-builder-el-4  el_after_av_slideshow  el_before_av_three_fifth '><span class='hr-inner   inner-border-av-border-thin' style=' width:100%; border-color:#dddddd;' ><span class='hr-inner-style'><\/span><\/span><\/div>\n<div class=\"flex_column av_three_fifth  av-animated-generic bottom-to-top  flex_column_div av-zero-column-padding first  avia-builder-el-5  el_after_av_hr  el_before_av_two_fifth  \" style='border-radius:0px; '><section class=\"av_textblock_section \"  itemscope=\"itemscope\" itemtype=\"https:\/\/schema.org\/CreativeWork\" ><div class='avia_textblock  '  style='font-size:18px; '  itemprop=\"text\" ><p style=\"text-align: justify;\">El mundo cambia dr\u00e1sticamente y las empresas internacionales deben estar a la altura de los desaf\u00edos globales del mercado. Los incrementos de productividad y la automatizaci\u00f3n de procesos son palabras claves que nos acompa\u00f1an a diario. Los puestos de trabajo van cambiando y cada vez resulta m\u00e1s complicado encontrar especialistas adecuados. Entonces las empresas invierten en software con la esperanza de haber encontrado con ello una soluci\u00f3n para un tema determinado. Pero a menudo estos proyectos fracasan puesto que un software solo no es una soluci\u00f3n. Por el contrario, quien no especifique claramente sus procesos y objetivos antes de tomar una decisi\u00f3n con respecto a una inversi\u00f3n, probablemente termine fracasando con su inversi\u00f3n. Las expectativas son muy altas y la frustraci\u00f3n tanto m\u00e1s si no se alcanza el objetivo deseado. O si el resultado deseado solo puede alcanzarse con un importante trabajo extra.<\/p>\n<\/div><\/section><\/div><div class=\"flex_column av_two_fifth  av-animated-generic bottom-to-top  flex_column_div   avia-builder-el-7  el_after_av_three_fifth  el_before_av_hr  \" style='padding:20px; border-radius:0px; '><div class='avia-image-container  av-styling- av-hover-grow   avia-builder-el-8  avia-builder-el-no-sibling  avia-align-center '  itemprop=\"image\" itemscope=\"itemscope\" itemtype=\"https:\/\/schema.org\/ImageObject\"  ><div class='avia-image-container-inner'><div class='avia-image-overlay-wrap'><img class='avia_image' src='https:\/\/globeltag.de\/wp-content\/uploads\/2015\/07\/88-600x400.jpg' alt='' title='' height=\"400\" width=\"600\"  itemprop=\"thumbnailUrl\"  \/><\/div><\/div><\/div><\/div><div style=' margin-top:30px; margin-bottom:30px;'  class='hr hr-custom hr-center hr-icon-no   avia-builder-el-9  el_after_av_two_fifth  el_before_av_three_fifth '><span class='hr-inner   inner-border-av-border-thin' style=' width:100%; border-color:#dddddd;' ><span class='hr-inner-style'><\/span><\/span><\/div>\n<div class=\"flex_column av_three_fifth  av-animated-generic bottom-to-top  flex_column_div av-zero-column-padding first  avia-builder-el-10  el_after_av_hr  el_before_av_two_fifth  \" style='border-radius:0px; '><section class=\"av_textblock_section \"  itemscope=\"itemscope\" itemtype=\"https:\/\/schema.org\/CreativeWork\" ><div class='avia_textblock  '  style='font-size:18px; '  itemprop=\"text\" ><p style=\"text-align: justify;\">La tercerizaci\u00f3n tambi\u00e9n es un buen enfoque para desligarse de un tema. \u00bfPero se puede mejorar una situaci\u00f3n cuando antes no se la hab\u00eda tenido bajo control? Tambi\u00e9n un asesor externo debe pulir estos proceso antes de poder tener \u00e9xito. Quien no hace esto tampoco tendr\u00e1 \u00e9xito. Sin importar qu\u00e9 soluci\u00f3n elijan las empresas, si antes de una modificaci\u00f3n no se especifica lo que uno quiere, ser\u00e1 complejo obtener un buen resultado. Muchos de nuestros clientes est\u00e1n completamente ocupados, entonces, \u00bfde d\u00f3nde sacar el tiempo y los conocimientos para una especificaci\u00f3n? Se pide ayuda. En cada uno de los cap\u00edtulos encontrar\u00e1 la clase de ayuda posible. No solo asesoramos, tambi\u00e9n implementamos estos procesos y nos medimos por los resultados. Globeltag trabaja independientemente a los sistemas, solo de esa forma podemos garantizar un asesoramiento neutral para nuestros clientes.<\/p>\n<\/div><\/section><\/div><div class=\"flex_column av_two_fifth  av-animated-generic bottom-to-top  flex_column_div   avia-builder-el-12  el_after_av_three_fifth  el_before_av_hr  \" style='padding:20px; border-radius:0px; '><div class='avia-image-container  av-styling- av-hover-grow   avia-builder-el-13  avia-builder-el-no-sibling  avia-align-center '  itemprop=\"image\" itemscope=\"itemscope\" itemtype=\"https:\/\/schema.org\/ImageObject\"  ><div class='avia-image-container-inner'><div class='avia-image-overlay-wrap'><img class='avia_image' src='https:\/\/globeltag.de\/wp-content\/uploads\/2015\/07\/Globeltag-Billboard-1-600x400.jpg' alt='' title='' height=\"400\" width=\"600\"  itemprop=\"thumbnailUrl\"  \/><\/div><\/div><\/div><\/div><div style=' margin-top:30px; margin-bottom:30px;'  class='hr hr-custom hr-center hr-icon-no   avia-builder-el-14  el_after_av_two_fifth  el_before_av_three_fifth '><span class='hr-inner   inner-border-av-border-thin' style=' width:100%; border-color:#dddddd;' ><span class='hr-inner-style'><\/span><\/span><\/div>\n<div class='flex_column_table av-equal-height-column-flextable -flextable' ><div class=\"flex_column av_three_fifth  av-animated-generic bottom-to-top  flex_column_table_cell av-equal-height-column av-align-middle av-zero-column-padding first  avia-builder-el-15  el_after_av_hr  el_before_av_two_fifth  \" style='border-radius:0px; '><section class=\"av_textblock_section \"  itemscope=\"itemscope\" itemtype=\"https:\/\/schema.org\/CreativeWork\" ><div class='avia_textblock  '  style='font-size:36px; '  itemprop=\"text\" ><h5>Con gusto compartiremos una taza de caf\u00e9 y le explicaremos en detalle, y sin compromiso, c\u00f3mo trabajamos.<\/h5>\n<\/div><\/section><\/div><div class='av-flex-placeholder'><\/div><div class=\"flex_column av_two_fifth  av-animated-generic bottom-to-top  flex_column_table_cell av-equal-height-column av-align-middle   avia-builder-el-17  el_after_av_three_fifth  avia-builder-el-last  \" style='padding:20px; border-radius:0px; '><div class='avia-image-container  av-styling- av-hover-grow   avia-builder-el-18  avia-builder-el-no-sibling  avia-align-center '  itemprop=\"image\" itemscope=\"itemscope\" itemtype=\"https:\/\/schema.org\/ImageObject\"  ><div class='avia-image-container-inner'><div class='avia-image-overlay-wrap'><img class='avia_image' src='https:\/\/globeltag.de\/wp-content\/uploads\/2015\/07\/Tasse-Globeltag-1-600x400.jpg' alt='' title='' height=\"400\" width=\"600\"  itemprop=\"thumbnailUrl\"  \/><\/div><\/div><\/div><\/div><\/div><!--close column table wrapper. Autoclose: 1 -->\n","protected":false},"excerpt":{"rendered":"","protected":false},"author":1,"featured_media":0,"parent":0,"menu_order":0,"comment_status":"open","ping_status":"closed","template":"","meta":{"footnotes":""},"class_list":["post-5650","page","type-page","status-publish","hentry"],"_links":{"self":[{"href":"https:\/\/globeltag.de\/es\/wp-json\/wp\/v2\/pages\/5650","targetHints":{"allow":["GET"]}}],"collection":[{"href":"https:\/\/globeltag.de\/es\/wp-json\/wp\/v2\/pages"}],"about":[{"href":"https:\/\/globeltag.de\/es\/wp-json\/wp\/v2\/types\/page"}],"author":[{"embeddable":true,"href":"https:\/\/globeltag.de\/es\/wp-json\/wp\/v2\/users\/1"}],"replies":[{"embeddable":true,"href":"https:\/\/globeltag.de\/es\/wp-json\/wp\/v2\/comments?post=5650"}],"version-history":[{"count":6,"href":"https:\/\/globeltag.de\/es\/wp-json\/wp\/v2\/pages\/5650\/revisions"}],"predecessor-version":[{"id":5656,"href":"https:\/\/globeltag.de\/es\/wp-json\/wp\/v2\/pages\/5650\/revisions\/5656"}],"wp:attachment":[{"href":"https:\/\/globeltag.de\/es\/wp-json\/wp\/v2\/media?parent=5650"}],"curies":[{"name":"wp","href":"https:\/\/api.w.org\/{rel}","templated":true}]}}